{"id":3129,"date":"2020-05-05T20:37:32","date_gmt":"2020-05-05T17:37:32","guid":{"rendered":"https:\/\/ista.org.tr\/members\/"},"modified":"2023-03-05T16:28:37","modified_gmt":"2023-03-05T13:28:37","slug":"members","status":"publish","type":"page","link":"https:\/\/ista.org.tr\/en\/members\/","title":{"rendered":"Members"},"content":{"rendered":"<p>[vc_row css_animation=&#8221;&#8221; row_type=&#8221;row&#8221; use_row_as_full_screen_section=&#8221;no&#8221; type=&#8221;full_width&#8221; angled_section=&#8221;no&#8221; text_align=&#8221;left&#8221; background_image_as_pattern=&#8221;without_pattern&#8221; z_index=&#8221;&#8221; css=&#8221;.vc_custom_1588700544664{padding-top: 90px !important;padding-right: 2% !important;padding-left: 2% !important;background-color: #ffffff !important;}&#8221; anchor=&#8221;yuksek-istisare-kurulu&#8221;][vc_column css=&#8221;.vc_custom_1586306935785{padding-top: 40px !important;padding-right: 10px !important;padding-bottom: 40px !important;padding-left: 10px !important;}&#8221;][vc_column_text]<\/p>\n<div id=\"um-admin-form-shortcode\" class=\"postbox \">\n<div class=\"inside\">\n<div class=\"um-admin-metabox\">\n\n<script type=\"text\/template\" id=\"tmpl-um-member-grid-17b5f\">\n\t<div class=\"um-members um-members-grid\">\n\t\t<div class=\"um-gutter-sizer\"><\/div>\n\n\t\t<# if ( data.length > 0 ) { #>\n\t\t\t<# _.each( data, function( user, key, list ) { #>\n\n\t\t\t\t<div id=\"um-member-{{{user.card_anchor}}}-17b5f\" class=\"um-member um-role-{{{user.role}}} {{{user.account_status}}} \">\n\n\t\t\t\t\t<span class=\"um-member-status {{{user.account_status}}}\">\n\t\t\t\t\t\t{{{user.account_status_name}}}\n\t\t\t\t\t<\/span>\n\n\t\t\t\t\t\t\t\t\t\t\t<div class=\"um-member-photo radius-1\">\n\t\t\t\t\t\t\t<a href=\"{{{user.profile_url}}}\" title=\"<# if ( user.display_name ) { #>{{{user.display_name}}}<# } #>\">\n\t\t\t\t\t\t\t\t{{{user.avatar}}}\n\t\t\t\t\t\t\t\t\t\t\t\t\t\t\t<\/a>\n\t\t\t\t\t\t<\/div>\n\t\t\t\t\t\n\n\t\t\t\t\t<div class=\"um-member-card \">\n\t\t\t\t\t\t\t\t\t\t\t\t\t<# if ( user.display_name_html ) { #>\n\t\t\t\t\t\t\t\t<div class=\"um-member-name\">\n\t\t\t\t\t\t\t\t\t<a href=\"{{{user.profile_url}}}\" title=\"{{{user.display_name}}}\">\n\t\t\t\t\t\t\t\t\t\t{{{user.display_name_html}}}\n\t\t\t\t\t\t\t\t\t<\/a>\n\t\t\t\t\t\t\t\t<\/div>\n\t\t\t\t\t\t\t<# } #>\n\t\t\t\t\t\t\t\t\t\t\t\t{{{user.hook_just_after_name}}}\n\n\n\t\t\t\t\t\t<# if ( user.can_edit ) { #>\n\t\t\t\t\t\t\t<div class=\"um-members-edit-btn\">\n\t\t\t\t\t\t\t\t<a href=\"{{{user.edit_profile_url}}}\" class=\"um-edit-profile-btn um-button um-alt\">\n\t\t\t\t\t\t\t\t\tEdit profile\t\t\t\t\t\t\t\t<\/a>\n\t\t\t\t\t\t\t<\/div>\n\t\t\t\t\t\t<# } #>\n\n\n\t\t\t\t\t\t\t\t\t\t\t\t{{{user.hook_after_user_name}}}\n\n\n\t\t\t\t\t\t\n\t\t\t\t\t\t\t<# var $show_block = false; #>\n\n\t\t\t\t\t\t\t\t\t\t\t\t\t\t\t<# if ( typeof user['ista_isyeri_unvan'] !== 'undefined' ) {\n\t\t\t\t\t\t\t\t\t$show_block = true;\n\t\t\t\t\t\t\t\t} #>\n\t\t\t\t\t\t\t\t\t\t\t\t\t\t\t<# if ( typeof user['ista_gorev'] !== 'undefined' ) {\n\t\t\t\t\t\t\t\t\t$show_block = true;\n\t\t\t\t\t\t\t\t} #>\n\t\t\t\t\t\t\t\n\t\t\t\t\t\t\t<# if ( $show_block ) { #>\n\t\t\t\t\t\t\t\t<div class=\"um-member-meta-main\">\n\n\t\t\t\t\t\t\t\t\t\n\t\t\t\t\t\t\t\t\t<div class=\"um-member-meta no-animate\">\n\n\t\t\t\t\t\t\t\t\t\t\n\t\t\t\t\t\t\t\t\t\t\t<# if ( typeof user['ista_isyeri_unvan'] !== 'undefined' ) { #>\n\t\t\t\t\t\t\t\t\t\t\t\t<div class=\"um-member-metaline um-member-metaline-ista_isyeri_unvan\">\n\t\t\t\t\t\t\t\t\t\t\t\t\t<strong>{{{user['label_ista_isyeri_unvan']}}}:<\/strong> {{{user['ista_isyeri_unvan']}}}\n\t\t\t\t\t\t\t\t\t\t\t\t<\/div>\n\t\t\t\t\t\t\t\t\t\t\t<# } #>\n\n\t\t\t\t\t\t\t\t\t\t\n\t\t\t\t\t\t\t\t\t\t\t<# if ( typeof user['ista_gorev'] !== 'undefined' ) { #>\n\t\t\t\t\t\t\t\t\t\t\t\t<div class=\"um-member-metaline um-member-metaline-ista_gorev\">\n\t\t\t\t\t\t\t\t\t\t\t\t\t<strong>{{{user['label_ista_gorev']}}}:<\/strong> {{{user['ista_gorev']}}}\n\t\t\t\t\t\t\t\t\t\t\t\t<\/div>\n\t\t\t\t\t\t\t\t\t\t\t<# } #>\n\n\t\t\t\t\t\t\t\t\t\t\t\t\t\t\t\t\t\t\t<\/div>\n\n\t\t\t\t\t\t\t\t\t\t\t\t\t\t\t\t\t<\/div>\n\t\t\t\t\t\t\t<# } #>\n\t\t\t\t\t\t\n\t\t\t\t\t<\/div>\n\t\t\t\t<\/div>\n\n\t\t\t<# }); #>\n\t\t<# } else { #>\n\n\t\t\t<div class=\"um-members-none\">\n\t\t\t\t<p>\u00dczg\u00fcn\u00fcz, bu kriterlere uygun \u00fcye bulamad\u0131k.<\/p>\n\t\t\t<\/div>\n\n\t\t<# } #>\n\n\t\t<div class=\"um-clear\"><\/div>\n\t<\/div>\n<\/script>\n\n\n<script type=\"text\/template\" id=\"tmpl-um-members-header\">\n\t<div class=\"um-members-intro\">\n\t\t<div class=\"um-members-total\">\n\t\t\t<# if ( data.pagination.total_users == 1 ) { #>\n\t\t\t\t{{{data.pagination.header_single}}}\n\t\t\t<# } else if ( data.pagination.total_users > 1 ) { #>\n\t\t\t\t{{{data.pagination.header}}}\n\t\t\t<# } #>\n\t\t<\/div>\n\t<\/div>\n\n\t<div class=\"um-clear\"><\/div>\n<\/script>\n\n\n<script type=\"text\/template\" id=\"tmpl-um-members-pagination\">\n\t<# if ( data.pagination.pages_to_show.length > 0 ) { #>\n\t\t<div class=\"um-members-pagidrop uimob340-show uimob500-show\">\n\t\t\tJump to page:\t\t\t<select class=\"um-s2 um-members-pagi-dropdown\" style=\"width: 100px;display:inline-block;\">\n\t\t\t\t<# _.each( data.pagination.pages_to_show, function( page, key, list ) { #>\n\t\t\t\t\t<option value=\"{{{page}}}\" <# if ( page == data.pagination.current_page ) { #>selected<# } #>>{{{page}}} of {{{data.pagination.total_pages}}}<\/option>\n\t\t\t\t<# }); #>\n\t\t\t<\/select>\n\t\t<\/div>\n\n\t\t<div class=\"um-members-pagi uimob340-hide uimob500-hide\">\n\t\t\t<span class=\"pagi pagi-arrow <# if ( data.pagination.current_page == 1 ) { #>disabled<# } #>\" data-page=\"first\" aria-label=\"First page\"><i class=\"um-faicon-angle-double-left\"><\/i><\/span>\n\t\t\t<span class=\"pagi pagi-arrow <# if ( data.pagination.current_page == 1 ) { #>disabled<# } #>\" data-page=\"prev\" aria-label=\"Previous page\"><i class=\"um-faicon-angle-left\"><\/i><\/span>\n\n\t\t\t<# _.each( data.pagination.pages_to_show, function( page, key, list ) { #>\n\t\t\t\t<span class=\"pagi <# if ( page == data.pagination.current_page ) { #>current<# } #>\" data-page=\"{{{page}}}\">{{{page}}}<\/span>\n\t\t\t<# }); #>\n\n\t\t\t<span class=\"pagi pagi-arrow <# if ( data.pagination.current_page == data.pagination.total_pages ) { #>disabled<# } #>\" data-page=\"next\" aria-label=\"Next page\"><i class=\"um-faicon-angle-right\"><\/i><\/span>\n\t\t\t<span class=\"pagi pagi-arrow <# if ( data.pagination.current_page == data.pagination.total_pages ) { #>disabled<# } #>\" data-page=\"last\" aria-label=\"Last page\"><i class=\"um-faicon-angle-double-right\"><\/i><\/span>\n\t\t<\/div>\n\t<# } #>\n<\/script>\n\n<div class=\"um um-directory um-17b5f\"\n     data-hash=\"17b5f\" data-base-post=\"3129\"\n\t data-must-search=\"0\" data-searched=\"1\"\n\t data-view_type=\"grid\" data-page=\"1\"\n\t data-sorting=\"\">\n\t<div class=\"um-members-overlay\"><div class=\"um-ajax-loading\"><\/div><\/div>\n\n\t<div class=\"um-member-directory-header um-form\">\n\n\t\t\n\t\t\n\n\t\t\t<\/div>\n\n\t<div class=\"um-members-wrapper\"><\/div>\n\n\t<div class=\"um-members-pagination-box\"><\/div>\n\n\t\n<\/div>\n\n<\/div>\n<\/div>\n<\/div>\n<p>[\/vc_column_text][\/vc_column][\/vc_row]<\/p>\n","protected":false},"excerpt":{"rendered":"<p>[vc_row css_animation=&#8221;&#8221; row_type=&#8221;row&#8221; use_row_as_full_screen_section=&#8221;no&#8221; type=&#8221;full_width&#8221; angled_section=&#8221;no&#8221; text_align=&#8221;left&#8221; background_image_as_pattern=&#8221;without_pattern&#8221; z_index=&#8221;&#8221; css=&#8221;.vc_custom_1588700544664{padding-top: 90px !important;padding-right: 2% !important;padding-left: 2%&#8230;<\/p>\n","protected":false},"author":1,"featured_media":0,"parent":0,"menu_order":0,"comment_status":"closed","ping_status":"closed","template":"full_width.php","meta":{"_mi_skip_tracking":false},"yoast_head":"<!-- This site is optimized with the Yoast SEO plugin v19.14 - https:\/\/yoast.com\/wordpress\/plugins\/seo\/ -->\n<title>Members | \u0130STA<\/title>\n<meta name=\"description\" content=\"Here you may view all ISTA members.\" \/>\n<meta name=\"robots\" content=\"index, follow, max-snippet:-1, max-image-preview:large, max-video-preview:-1\" \/>\n<link rel=\"canonical\" href=\"https:\/\/ista.org.tr\/members\/?lang=en\" \/>\n<meta property=\"og:locale\" content=\"en_US\" \/>\n<meta property=\"og:type\" content=\"article\" \/>\n<meta property=\"og:title\" content=\"Members | \u0130STA\" \/>\n<meta property=\"og:description\" content=\"Here you may view all ISTA members.\" \/>\n<meta property=\"og:url\" content=\"https:\/\/ista.org.tr\/members\/?lang=en\" \/>\n<meta property=\"og:site_name\" content=\"\u0130STA\" \/>\n<meta property=\"article:publisher\" content=\"https:\/\/www.facebook.com\/istatahkim\/\" \/>\n<meta property=\"article:modified_time\" content=\"2023-03-05T13:28:37+00:00\" \/>\n<meta property=\"og:image\" content=\"https:\/\/ista.org.tr\/wp-content\/uploads\/2020\/04\/IMG_9760-scaled.jpg\" \/>\n\t<meta property=\"og:image:width\" content=\"2560\" \/>\n\t<meta property=\"og:image:height\" content=\"1920\" \/>\n\t<meta property=\"og:image:type\" content=\"image\/jpeg\" \/>\n<meta name=\"twitter:card\" content=\"summary_large_image\" \/>\n<meta name=\"twitter:site\" content=\"@ISTAtahkim\" \/>\n<script type=\"application\/ld+json\" class=\"yoast-schema-graph\">{\"@context\":\"https:\/\/schema.org\",\"@graph\":[{\"@type\":\"WebPage\",\"@id\":\"https:\/\/ista.org.tr\/members\/?lang=en\",\"url\":\"https:\/\/ista.org.tr\/members\/?lang=en\",\"name\":\"Members | \u0130STA\",\"isPartOf\":{\"@id\":\"https:\/\/ista.org.tr\/#website\"},\"datePublished\":\"2020-05-05T17:37:32+00:00\",\"dateModified\":\"2023-03-05T13:28:37+00:00\",\"description\":\"Here you may view all ISTA members.\",\"breadcrumb\":{\"@id\":\"https:\/\/ista.org.tr\/members\/?lang=en#breadcrumb\"},\"inLanguage\":\"en-US\",\"potentialAction\":[{\"@type\":\"ReadAction\",\"target\":[\"https:\/\/ista.org.tr\/members\/?lang=en\"]}]},{\"@type\":\"BreadcrumbList\",\"@id\":\"https:\/\/ista.org.tr\/members\/?lang=en#breadcrumb\",\"itemListElement\":[{\"@type\":\"ListItem\",\"position\":1,\"name\":\"Ana sayfa\",\"item\":\"https:\/\/ista.org.tr\/\"},{\"@type\":\"ListItem\",\"position\":2,\"name\":\"Members\"}]},{\"@type\":\"WebSite\",\"@id\":\"https:\/\/ista.org.tr\/#website\",\"url\":\"https:\/\/ista.org.tr\/\",\"name\":\"\u0130STA\",\"description\":\"\u0130stanbul Tahkim Derne\u011fi\",\"publisher\":{\"@id\":\"https:\/\/ista.org.tr\/#organization\"},\"potentialAction\":[{\"@type\":\"SearchAction\",\"target\":{\"@type\":\"EntryPoint\",\"urlTemplate\":\"https:\/\/ista.org.tr\/?s={search_term_string}\"},\"query-input\":\"required name=search_term_string\"}],\"inLanguage\":\"en-US\"},{\"@type\":\"Organization\",\"@id\":\"https:\/\/ista.org.tr\/#organization\",\"name\":\"\u0130stanbul Tahkim Derne\u011fi\",\"url\":\"https:\/\/ista.org.tr\/\",\"logo\":{\"@type\":\"ImageObject\",\"inLanguage\":\"en-US\",\"@id\":\"https:\/\/ista.org.tr\/#\/schema\/logo\/image\/\",\"url\":\"https:\/\/ista.org.tr\/wp-content\/uploads\/2019\/12\/ista-logo.png\",\"contentUrl\":\"https:\/\/ista.org.tr\/wp-content\/uploads\/2019\/12\/ista-logo.png\",\"width\":400,\"height\":400,\"caption\":\"\u0130stanbul Tahkim Derne\u011fi\"},\"image\":{\"@id\":\"https:\/\/ista.org.tr\/#\/schema\/logo\/image\/\"},\"sameAs\":[\"https:\/\/www.youtube.com\/channel\/UCZeVp4QaClBT9w13rtPk44Q\/videos\",\"https:\/\/www.facebook.com\/istatahkim\/\",\"https:\/\/twitter.com\/ISTAtahkim\"]}]}<\/script>\n<!-- \/ Yoast SEO plugin. -->","yoast_head_json":{"title":"Members | \u0130STA","description":"Here you may view all ISTA members.","robots":{"index":"index","follow":"follow","max-snippet":"max-snippet:-1","max-image-preview":"max-image-preview:large","max-video-preview":"max-video-preview:-1"},"canonical":"https:\/\/ista.org.tr\/members\/?lang=en","og_locale":"en_US","og_type":"article","og_title":"Members | \u0130STA","og_description":"Here you may view all ISTA members.","og_url":"https:\/\/ista.org.tr\/members\/?lang=en","og_site_name":"\u0130STA","article_publisher":"https:\/\/www.facebook.com\/istatahkim\/","article_modified_time":"2023-03-05T13:28:37+00:00","og_image":[{"width":2560,"height":1920,"url":"https:\/\/ista.org.tr\/wp-content\/uploads\/2020\/04\/IMG_9760-scaled.jpg","type":"image\/jpeg"}],"twitter_card":"summary_large_image","twitter_site":"@ISTAtahkim","schema":{"@context":"https:\/\/schema.org","@graph":[{"@type":"WebPage","@id":"https:\/\/ista.org.tr\/members\/?lang=en","url":"https:\/\/ista.org.tr\/members\/?lang=en","name":"Members | \u0130STA","isPartOf":{"@id":"https:\/\/ista.org.tr\/#website"},"datePublished":"2020-05-05T17:37:32+00:00","dateModified":"2023-03-05T13:28:37+00:00","description":"Here you may view all ISTA members.","breadcrumb":{"@id":"https:\/\/ista.org.tr\/members\/?lang=en#breadcrumb"},"inLanguage":"en-US","potentialAction":[{"@type":"ReadAction","target":["https:\/\/ista.org.tr\/members\/?lang=en"]}]},{"@type":"BreadcrumbList","@id":"https:\/\/ista.org.tr\/members\/?lang=en#breadcrumb","itemListElement":[{"@type":"ListItem","position":1,"name":"Ana sayfa","item":"https:\/\/ista.org.tr\/"},{"@type":"ListItem","position":2,"name":"Members"}]},{"@type":"WebSite","@id":"https:\/\/ista.org.tr\/#website","url":"https:\/\/ista.org.tr\/","name":"\u0130STA","description":"\u0130stanbul Tahkim Derne\u011fi","publisher":{"@id":"https:\/\/ista.org.tr\/#organization"},"potentialAction":[{"@type":"SearchAction","target":{"@type":"EntryPoint","urlTemplate":"https:\/\/ista.org.tr\/?s={search_term_string}"},"query-input":"required name=search_term_string"}],"inLanguage":"en-US"},{"@type":"Organization","@id":"https:\/\/ista.org.tr\/#organization","name":"\u0130stanbul Tahkim Derne\u011fi","url":"https:\/\/ista.org.tr\/","logo":{"@type":"ImageObject","inLanguage":"en-US","@id":"https:\/\/ista.org.tr\/#\/schema\/logo\/image\/","url":"https:\/\/ista.org.tr\/wp-content\/uploads\/2019\/12\/ista-logo.png","contentUrl":"https:\/\/ista.org.tr\/wp-content\/uploads\/2019\/12\/ista-logo.png","width":400,"height":400,"caption":"\u0130stanbul Tahkim Derne\u011fi"},"image":{"@id":"https:\/\/ista.org.tr\/#\/schema\/logo\/image\/"},"sameAs":["https:\/\/www.youtube.com\/channel\/UCZeVp4QaClBT9w13rtPk44Q\/videos","https:\/\/www.facebook.com\/istatahkim\/","https:\/\/twitter.com\/ISTAtahkim"]}]}},"_links":{"self":[{"href":"https:\/\/ista.org.tr\/en\/wp-json\/wp\/v2\/pages\/3129"}],"collection":[{"href":"https:\/\/ista.org.tr\/en\/wp-json\/wp\/v2\/pages"}],"about":[{"href":"https:\/\/ista.org.tr\/en\/wp-json\/wp\/v2\/types\/page"}],"author":[{"embeddable":true,"href":"https:\/\/ista.org.tr\/en\/wp-json\/wp\/v2\/users\/1"}],"replies":[{"embeddable":true,"href":"https:\/\/ista.org.tr\/en\/wp-json\/wp\/v2\/comments?post=3129"}],"version-history":[{"count":1,"href":"https:\/\/ista.org.tr\/en\/wp-json\/wp\/v2\/pages\/3129\/revisions"}],"predecessor-version":[{"id":3130,"href":"https:\/\/ista.org.tr\/en\/wp-json\/wp\/v2\/pages\/3129\/revisions\/3130"}],"wp:attachment":[{"href":"https:\/\/ista.org.tr\/en\/wp-json\/wp\/v2\/media?parent=3129"}],"curies":[{"name":"wp","href":"https:\/\/api.w.org\/{rel}","templated":true}]}}