{"id":3135,"date":"2020-04-01T16:59:16","date_gmt":"2020-04-01T13:59:16","guid":{"rendered":"https:\/\/ista.org.tr\/about-us\/arbitrator-qualification-criteria\/"},"modified":"2023-03-05T16:50:59","modified_gmt":"2023-03-05T13:50:59","slug":"arbitrator-qualification-criteria","status":"publish","type":"page","link":"https:\/\/ista.org.tr\/en\/about-us\/arbitrator-qualification-criteria\/","title":{"rendered":"Arbitrator Qualification Criteria"},"content":{"rendered":"<p>[vc_row css_animation=&#8221;&#8221; row_type=&#8221;row&#8221; use_row_as_full_screen_section=&#8221;no&#8221; type=&#8221;full_width&#8221; angled_section=&#8221;no&#8221; text_align=&#8221;left&#8221; background_image_as_pattern=&#8221;without_pattern&#8221;][vc_column css=&#8221;.vc_custom_1585747547126{padding-top: 40px !important;padding-right: 10px !important;padding-bottom: 40px !important;padding-left: 10px !important;background-color: #f7f7f7 !important;border-radius: 20px !important;}&#8221;][vc_column_text css=&#8221;.vc_custom_1608560178803{padding-top: 15px !important;padding-bottom: 55px !important;}&#8221;]<\/p>\n<h1 style=\"text-align: center;\">Arbitrator Qualification Criteria<\/h1>\n<p>[\/vc_column_text][qode_elements_holder number_of_columns=&#8221;one_column&#8221;][qode_elements_holder_item advanced_animations=&#8221;no&#8221; item_padding_1280_1440=&#8221;0px 10px 30px 10px&#8221;][vc_column_text]The Istanbul Arbitration Association brings together practitioners working in different areas of arbitration under the &#8220;ISTA Arbitrator List&#8221;.<br \/>\nIn countries where arbitration is widespread, the existence of such lists enables the parties to make accurate and rapid arbitrator selection prior to the dispute. With this list, ISTA aims to facilitate the parties to the dispute in appointing arbitrators and to bring qualified practitioners to the forefront.<br \/>\nISTA has published the &#8220;Arbitrator Qualification Criteria&#8221; for this purpose. The published criteria include mandatory and additional qualifications. Practitioners are required to comply with the mandatory criteria in order to be included in the list. Beyond the mandatory criteria, the list also includes additional criteria where the parties to the dispute may take into account the different qualifications of the arbitrators.<\/p>\n<p>Arbitrator Qualification Criteria<br \/>\n I. Training, Competencies and Certificates<br \/>\nA. Mandatory Criteria<br \/>\nBachelor&#8217;s degree in law.<br \/>\nAdequate arbitration training for non-law school graduates.<br \/>\nB. Additional Non-Mandatory Criteria<br \/>\nPostgraduate programs related to the field of expertise<br \/>\nExtensive training and courses on arbitration<br \/>\nCertificates, awards, certificates of honor, etc. in the field of expertise<br \/>\nLanguage proficiency to conduct arbitration proceedings<\/p>\n<p>II.Assurances and Commitments<br \/>\nA. Mandatory Criteria<br \/>\nTo undertake that the information provided for entry to the ISTA Arbitrator List is accurate<br \/>\nTo undertake to comply with ISTA Arbitrators&#8217; Code of Ethics<br \/>\nNot being convicted of any disgraceful or shameful offense, including breach of trust, not being subjected to a judicial or administrative investigation, not being subjected to a professional disciplinary sanction or investigation, which may raise doubts about his\/her ability to conduct the arbitration process independently, impartially, honestly and fairly.<br \/>\nISTA may decide on admission to the list by assessing whether there would be cause for suspicion if the investigation is still in progress.<br \/>\nB. Additional Non-Mandatory Criteria<br \/>\nHaving professional liability insurance under the conditions recommended by ISTA.<\/p>\n<p>III. Professional Experience and Knowledge<br \/>\nA. Mandatory Criteria<br \/>\nBeing at least 35 years old and able to fulfill the duties to be undertaken in the arbitration.<br \/>\nAt least 10 years of professional experience for law school graduates.<br \/>\nFor non-law school graduates, at least 5 years or more of managerial or senior expert experience in specialized sectors.<br \/>\nB. Additional Non-Mandatory Criteria<br \/>\nHaving served as an arbitrator in institutional or Ad Hoc arbitration proceedings.<br \/>\nHaving served as an attorney, secretary, etc. in institutional or Ad Hoc arbitration proceedings.<br \/>\nHaving taken part in dispute resolution processes related to their area of expertise.<br \/>\nHaving an academic career or specialization in arbitration.<br \/>\nHaving published works or articles on arbitration or their area of expertise.<\/p>\n<p>IV. Memberships References and Appointment<br \/>\nA. Mandatory Criteria<br \/>\nBeing a member of a professional \/ non-governmental organization in the field of expertise or submitting two reference letters certifying their expertise in the field.<br \/>\nB. Additional Non-Mandatory Criteria<br \/>\nBeing on the arbitrator lists of one of the institutional arbitration centers<br \/>\nBeing a member of non-governmental organizations in the field of arbitration.<br \/>\n[\/vc_column_text][\/qode_elements_holder_item][\/qode_elements_holder][\/vc_column][\/vc_row][vc_row css_animation=&#8221;&#8221; row_type=&#8221;row&#8221; use_row_as_full_screen_section=&#8221;no&#8221; type=&#8221;full_width&#8221; angled_section=&#8221;no&#8221; text_align=&#8221;left&#8221; background_image_as_pattern=&#8221;without_pattern&#8221;][vc_column][vc_empty_space height=&#8221;52px&#8221;][\/vc_column][\/vc_row]<\/p>\n","protected":false},"excerpt":{"rendered":"<p>[vc_row css_animation=&#8221;&#8221; row_type=&#8221;row&#8221; use_row_as_full_screen_section=&#8221;no&#8221; type=&#8221;full_width&#8221; angled_section=&#8221;no&#8221; text_align=&#8221;left&#8221; background_image_as_pattern=&#8221;without_pattern&#8221;][vc_column css=&#8221;.vc_custom_1585747547126{padding-top: 40px !important;padding-right: 10px !important;padding-bottom: 40px !important;padding-left:&#8230;<\/p>\n","protected":false},"author":1,"featured_media":0,"parent":2995,"menu_order":0,"comment_status":"closed","ping_status":"closed","template":"","meta":{"_mi_skip_tracking":false},"yoast_head":"<!-- This site is optimized with the Yoast SEO plugin v19.14 - https:\/\/yoast.com\/wordpress\/plugins\/seo\/ -->\n<title>Arbitrator Qualification Criteria | \u0130STA<\/title>\n<meta name=\"description\" content=\"Here your may view out Arbitrator Qualification Criteria.\" \/>\n<meta name=\"robots\" content=\"index, follow, max-snippet:-1, max-image-preview:large, max-video-preview:-1\" \/>\n<link rel=\"canonical\" href=\"https:\/\/ista.org.tr\/hakkimizda\/hakem-kalifikasyon-kriterleri\/\" \/>\n<meta property=\"og:locale\" content=\"en_US\" \/>\n<meta property=\"og:type\" content=\"article\" \/>\n<meta property=\"og:title\" content=\"Arbitrator Qualification Criteria | \u0130STA\" \/>\n<meta property=\"og:description\" content=\"Here your may view out Arbitrator Qualification Criteria.\" \/>\n<meta property=\"og:url\" content=\"https:\/\/ista.org.tr\/hakkimizda\/hakem-kalifikasyon-kriterleri\/\" \/>\n<meta property=\"og:site_name\" content=\"\u0130STA\" \/>\n<meta property=\"article:publisher\" content=\"https:\/\/www.facebook.com\/istatahkim\/\" \/>\n<meta property=\"article:modified_time\" content=\"2023-03-05T13:50:59+00:00\" \/>\n<meta property=\"og:image\" content=\"https:\/\/ista.org.tr\/wp-content\/uploads\/2020\/04\/IMG_9760-scaled.jpg\" \/>\n\t<meta property=\"og:image:width\" content=\"2560\" \/>\n\t<meta property=\"og:image:height\" content=\"1920\" \/>\n\t<meta property=\"og:image:type\" content=\"image\/jpeg\" \/>\n<meta name=\"twitter:card\" content=\"summary_large_image\" \/>\n<meta name=\"twitter:site\" content=\"@ISTAtahkim\" \/>\n<meta name=\"twitter:label1\" content=\"Est. reading time\" \/>\n\t<meta name=\"twitter:data1\" content=\"3 minutes\" \/>\n<script type=\"application\/ld+json\" class=\"yoast-schema-graph\">{\"@context\":\"https:\/\/schema.org\",\"@graph\":[{\"@type\":\"WebPage\",\"@id\":\"https:\/\/ista.org.tr\/hakkimizda\/hakem-kalifikasyon-kriterleri\/\",\"url\":\"https:\/\/ista.org.tr\/hakkimizda\/hakem-kalifikasyon-kriterleri\/\",\"name\":\"Arbitrator Qualification Criteria | \u0130STA\",\"isPartOf\":{\"@id\":\"https:\/\/ista.org.tr\/#website\"},\"datePublished\":\"2020-04-01T13:59:16+00:00\",\"dateModified\":\"2023-03-05T13:50:59+00:00\",\"description\":\"Here your may view out Arbitrator Qualification Criteria.\",\"breadcrumb\":{\"@id\":\"https:\/\/ista.org.tr\/hakkimizda\/hakem-kalifikasyon-kriterleri\/#breadcrumb\"},\"inLanguage\":\"en-US\",\"potentialAction\":[{\"@type\":\"ReadAction\",\"target\":[\"https:\/\/ista.org.tr\/hakkimizda\/hakem-kalifikasyon-kriterleri\/\"]}]},{\"@type\":\"BreadcrumbList\",\"@id\":\"https:\/\/ista.org.tr\/hakkimizda\/hakem-kalifikasyon-kriterleri\/#breadcrumb\",\"itemListElement\":[{\"@type\":\"ListItem\",\"position\":1,\"name\":\"Ana sayfa\",\"item\":\"https:\/\/ista.org.tr\/\"},{\"@type\":\"ListItem\",\"position\":2,\"name\":\"About Us\",\"item\":\"https:\/\/ista.org.tr\/hakkimizda\/\"},{\"@type\":\"ListItem\",\"position\":3,\"name\":\"Arbitrator Qualification Criteria\"}]},{\"@type\":\"WebSite\",\"@id\":\"https:\/\/ista.org.tr\/#website\",\"url\":\"https:\/\/ista.org.tr\/\",\"name\":\"\u0130STA\",\"description\":\"\u0130stanbul Tahkim Derne\u011fi\",\"publisher\":{\"@id\":\"https:\/\/ista.org.tr\/#organization\"},\"potentialAction\":[{\"@type\":\"SearchAction\",\"target\":{\"@type\":\"EntryPoint\",\"urlTemplate\":\"https:\/\/ista.org.tr\/?s={search_term_string}\"},\"query-input\":\"required name=search_term_string\"}],\"inLanguage\":\"en-US\"},{\"@type\":\"Organization\",\"@id\":\"https:\/\/ista.org.tr\/#organization\",\"name\":\"\u0130stanbul Tahkim Derne\u011fi\",\"url\":\"https:\/\/ista.org.tr\/\",\"logo\":{\"@type\":\"ImageObject\",\"inLanguage\":\"en-US\",\"@id\":\"https:\/\/ista.org.tr\/#\/schema\/logo\/image\/\",\"url\":\"https:\/\/ista.org.tr\/wp-content\/uploads\/2019\/12\/ista-logo.png\",\"contentUrl\":\"https:\/\/ista.org.tr\/wp-content\/uploads\/2019\/12\/ista-logo.png\",\"width\":400,\"height\":400,\"caption\":\"\u0130stanbul Tahkim Derne\u011fi\"},\"image\":{\"@id\":\"https:\/\/ista.org.tr\/#\/schema\/logo\/image\/\"},\"sameAs\":[\"https:\/\/www.youtube.com\/channel\/UCZeVp4QaClBT9w13rtPk44Q\/videos\",\"https:\/\/www.facebook.com\/istatahkim\/\",\"https:\/\/twitter.com\/ISTAtahkim\"]}]}<\/script>\n<!-- \/ Yoast SEO plugin. -->","yoast_head_json":{"title":"Arbitrator Qualification Criteria | \u0130STA","description":"Here your may view out Arbitrator Qualification Criteria.","robots":{"index":"index","follow":"follow","max-snippet":"max-snippet:-1","max-image-preview":"max-image-preview:large","max-video-preview":"max-video-preview:-1"},"canonical":"https:\/\/ista.org.tr\/hakkimizda\/hakem-kalifikasyon-kriterleri\/","og_locale":"en_US","og_type":"article","og_title":"Arbitrator Qualification Criteria | \u0130STA","og_description":"Here your may view out Arbitrator Qualification Criteria.","og_url":"https:\/\/ista.org.tr\/hakkimizda\/hakem-kalifikasyon-kriterleri\/","og_site_name":"\u0130STA","article_publisher":"https:\/\/www.facebook.com\/istatahkim\/","article_modified_time":"2023-03-05T13:50:59+00:00","og_image":[{"width":2560,"height":1920,"url":"https:\/\/ista.org.tr\/wp-content\/uploads\/2020\/04\/IMG_9760-scaled.jpg","type":"image\/jpeg"}],"twitter_card":"summary_large_image","twitter_site":"@ISTAtahkim","twitter_misc":{"Est. reading time":"3 minutes"},"schema":{"@context":"https:\/\/schema.org","@graph":[{"@type":"WebPage","@id":"https:\/\/ista.org.tr\/hakkimizda\/hakem-kalifikasyon-kriterleri\/","url":"https:\/\/ista.org.tr\/hakkimizda\/hakem-kalifikasyon-kriterleri\/","name":"Arbitrator Qualification Criteria | \u0130STA","isPartOf":{"@id":"https:\/\/ista.org.tr\/#website"},"datePublished":"2020-04-01T13:59:16+00:00","dateModified":"2023-03-05T13:50:59+00:00","description":"Here your may view out Arbitrator Qualification Criteria.","breadcrumb":{"@id":"https:\/\/ista.org.tr\/hakkimizda\/hakem-kalifikasyon-kriterleri\/#breadcrumb"},"inLanguage":"en-US","potentialAction":[{"@type":"ReadAction","target":["https:\/\/ista.org.tr\/hakkimizda\/hakem-kalifikasyon-kriterleri\/"]}]},{"@type":"BreadcrumbList","@id":"https:\/\/ista.org.tr\/hakkimizda\/hakem-kalifikasyon-kriterleri\/#breadcrumb","itemListElement":[{"@type":"ListItem","position":1,"name":"Ana sayfa","item":"https:\/\/ista.org.tr\/"},{"@type":"ListItem","position":2,"name":"About Us","item":"https:\/\/ista.org.tr\/hakkimizda\/"},{"@type":"ListItem","position":3,"name":"Arbitrator Qualification Criteria"}]},{"@type":"WebSite","@id":"https:\/\/ista.org.tr\/#website","url":"https:\/\/ista.org.tr\/","name":"\u0130STA","description":"\u0130stanbul Tahkim Derne\u011fi","publisher":{"@id":"https:\/\/ista.org.tr\/#organization"},"potentialAction":[{"@type":"SearchAction","target":{"@type":"EntryPoint","urlTemplate":"https:\/\/ista.org.tr\/?s={search_term_string}"},"query-input":"required name=search_term_string"}],"inLanguage":"en-US"},{"@type":"Organization","@id":"https:\/\/ista.org.tr\/#organization","name":"\u0130stanbul Tahkim Derne\u011fi","url":"https:\/\/ista.org.tr\/","logo":{"@type":"ImageObject","inLanguage":"en-US","@id":"https:\/\/ista.org.tr\/#\/schema\/logo\/image\/","url":"https:\/\/ista.org.tr\/wp-content\/uploads\/2019\/12\/ista-logo.png","contentUrl":"https:\/\/ista.org.tr\/wp-content\/uploads\/2019\/12\/ista-logo.png","width":400,"height":400,"caption":"\u0130stanbul Tahkim Derne\u011fi"},"image":{"@id":"https:\/\/ista.org.tr\/#\/schema\/logo\/image\/"},"sameAs":["https:\/\/www.youtube.com\/channel\/UCZeVp4QaClBT9w13rtPk44Q\/videos","https:\/\/www.facebook.com\/istatahkim\/","https:\/\/twitter.com\/ISTAtahkim"]}]}},"_links":{"self":[{"href":"https:\/\/ista.org.tr\/en\/wp-json\/wp\/v2\/pages\/3135"}],"collection":[{"href":"https:\/\/ista.org.tr\/en\/wp-json\/wp\/v2\/pages"}],"about":[{"href":"https:\/\/ista.org.tr\/en\/wp-json\/wp\/v2\/types\/page"}],"author":[{"embeddable":true,"href":"https:\/\/ista.org.tr\/en\/wp-json\/wp\/v2\/users\/1"}],"replies":[{"embeddable":true,"href":"https:\/\/ista.org.tr\/en\/wp-json\/wp\/v2\/comments?post=3135"}],"version-history":[{"count":2,"href":"https:\/\/ista.org.tr\/en\/wp-json\/wp\/v2\/pages\/3135\/revisions"}],"predecessor-version":[{"id":3137,"href":"https:\/\/ista.org.tr\/en\/wp-json\/wp\/v2\/pages\/3135\/revisions\/3137"}],"up":[{"embeddable":true,"href":"https:\/\/ista.org.tr\/en\/wp-json\/wp\/v2\/pages\/2995"}],"wp:attachment":[{"href":"https:\/\/ista.org.tr\/en\/wp-json\/wp\/v2\/media?parent=3135"}],"curies":[{"name":"wp","href":"https:\/\/api.w.org\/{rel}","templated":true}]}}