{"id":3141,"date":"2020-04-08T04:25:30","date_gmt":"2020-04-08T01:25:30","guid":{"rendered":"https:\/\/ista.org.tr\/commissions\/"},"modified":"2023-03-05T16:56:15","modified_gmt":"2023-03-05T13:56:15","slug":"commissions","status":"publish","type":"page","link":"https:\/\/ista.org.tr\/en\/commissions\/","title":{"rendered":"Commissions"},"content":{"rendered":"<p>[vc_row css_animation=&#8221;&#8221; row_type=&#8221;row&#8221; use_row_as_full_screen_section=&#8221;no&#8221; type=&#8221;grid&#8221; angled_section=&#8221;no&#8221; text_align=&#8221;left&#8221; background_image_as_pattern=&#8221;without_pattern&#8221; z_index=&#8221;&#8221; css=&#8221;.vc_custom_1586308022553{padding-top: 90px !important;}&#8221; anchor=&#8221;yuksek-istisare-kurulu&#8221;][vc_column css=&#8221;.vc_custom_1586306935785{padding-top: 40px !important;padding-right: 10px !important;padding-bottom: 40px !important;padding-left: 10px !important;}&#8221;][vc_column_text css=&#8221;.vc_custom_1586309168520{padding-top: 15px !important;padding-bottom: 55px !important;}&#8221;]<\/p>\n<h2 style=\"text-align: center;\">ISTA Commissions<\/h2>\n<p>[\/vc_column_text][vc_column_text]<b class=\"\"><span class=\"\" lang=\"EN\" xml:lang=\"EN\">1.Commission for the Promotion of Arbitration<\/span><\/b>[\/vc_column_text][vc_row_inner row_type=&#8221;row&#8221; type=&#8221;full_width&#8221; text_align=&#8221;left&#8221; css_animation=&#8221;&#8221;][vc_column_inner width=&#8221;1\/3&#8243;][vc_column_text]Subcommittee on Promotion of International Arbitration[\/vc_column_text][\/vc_column_inner][vc_column_inner width=&#8221;2\/3&#8243;][vc_column_text]<u>President<\/u>: Ak\u0131n Volkan Ar\u0131kan<\/p>\n<p>Bennar Aydo\u011fdu, Cem Kaspi[\/vc_column_text][\/vc_column_inner][\/vc_row_inner][vc_empty_space][vc_row_inner row_type=&#8221;row&#8221; type=&#8221;full_width&#8221; text_align=&#8221;left&#8221; css_animation=&#8221;&#8221;][vc_column_inner width=&#8221;1\/3&#8243;][vc_column_text]Subcommittee on Promotion of Domestic Arbitration[\/vc_column_text][\/vc_column_inner][vc_column_inner width=&#8221;2\/3&#8243;][vc_column_text]<u>President<\/u>: Orhan Yavuz Mavio\u011flu<\/p>\n<p>Cem Kaspi, \u0130zzet G\u00fcrler[\/vc_column_text][\/vc_column_inner][\/vc_row_inner][\/vc_column][\/vc_row][vc_row css_animation=&#8221;&#8221; row_type=&#8221;row&#8221; use_row_as_full_screen_section=&#8221;no&#8221; type=&#8221;grid&#8221; angled_section=&#8221;no&#8221; text_align=&#8221;left&#8221; background_image_as_pattern=&#8221;without_pattern&#8221; z_index=&#8221;&#8221;][vc_column width=&#8221;1\/3&#8243;][vc_column_text]<b class=\"\"><span class=\"\" lang=\"EN\" xml:lang=\"EN\">2. Education, Publications and Expertise Development Commission<\/span><\/b>[\/vc_column_text][\/vc_column][vc_column width=&#8221;2\/3&#8243;][vc_column_text]<u>President<\/u>: Bennar Aydo\u011fdu<\/p>\n<p>Ural Ak\u00fcz\u00fcm, Hayati Irk\u0131\u00e7atal, \u0130zzet G\u00fcrler, Orhan Yavuz Mavio\u011flu, Kerem Ertan, Selma Karaduman, Diren\u00e7 Bada, \u0130smail Altay[\/vc_column_text][\/vc_column][\/vc_row][vc_row css_animation=&#8221;&#8221; row_type=&#8221;row&#8221; use_row_as_full_screen_section=&#8221;no&#8221; type=&#8221;full_width&#8221; angled_section=&#8221;no&#8221; text_align=&#8221;left&#8221; background_image_as_pattern=&#8221;without_pattern&#8221;][vc_column][vc_empty_space height=&#8221;50px&#8221;][\/vc_column][\/vc_row][vc_row css_animation=&#8221;&#8221; row_type=&#8221;row&#8221; use_row_as_full_screen_section=&#8221;no&#8221; type=&#8221;grid&#8221; angled_section=&#8221;no&#8221; text_align=&#8221;left&#8221; background_image_as_pattern=&#8221;without_pattern&#8221; z_index=&#8221;&#8221;][vc_column width=&#8221;1\/3&#8243;][vc_column_text]<b class=\"\"><span class=\"\" lang=\"EN\" xml:lang=\"EN\">3.Promotion, Expansion and Communication Commission <\/span><\/b>[\/vc_column_text][\/vc_column][vc_column width=&#8221;2\/3&#8243;][vc_column_text]<u>President<\/u>: Burak Ekim \u00dcr\u00fcn<\/p>\n<p>Ural Ak\u00fcz\u00fcm, Nilg\u00fcn Serdar \u015eim\u015fek, Selma Karaduman[\/vc_column_text][\/vc_column][\/vc_row][vc_row css_animation=&#8221;&#8221; row_type=&#8221;row&#8221; use_row_as_full_screen_section=&#8221;no&#8221; type=&#8221;full_width&#8221; angled_section=&#8221;no&#8221; text_align=&#8221;left&#8221; background_image_as_pattern=&#8221;without_pattern&#8221;][vc_column][vc_empty_space height=&#8221;50px&#8221;][\/vc_column][\/vc_row][vc_row css_animation=&#8221;&#8221; row_type=&#8221;row&#8221; use_row_as_full_screen_section=&#8221;no&#8221; type=&#8221;grid&#8221; angled_section=&#8221;no&#8221; text_align=&#8221;left&#8221; background_image_as_pattern=&#8221;without_pattern&#8221; z_index=&#8221;&#8221;][vc_column width=&#8221;1\/3&#8243;][vc_column_text]<b class=\"\"><span class=\"\" lang=\"EN\" xml:lang=\"EN\">4.Budget and Finance Commission<\/span><\/b>[\/vc_column_text][\/vc_column][vc_column width=&#8221;2\/3&#8243;][vc_column_text]<u>President<\/u>: Nilg\u00fcn Serdar \u015eim\u015fek<\/p>\n<p>Mehmet G\u00fcn, Burak Ekim \u00dcr\u00fcn, Cemile Demir G\u00f6kyayla[\/vc_column_text][\/vc_column][\/vc_row][vc_row css_animation=&#8221;&#8221; row_type=&#8221;row&#8221; use_row_as_full_screen_section=&#8221;no&#8221; type=&#8221;full_width&#8221; angled_section=&#8221;no&#8221; text_align=&#8221;left&#8221; background_image_as_pattern=&#8221;without_pattern&#8221;][vc_column][vc_empty_space height=&#8221;82px&#8221;][\/vc_column][\/vc_row]<\/p>\n","protected":false},"excerpt":{"rendered":"<p>[vc_row css_animation=&#8221;&#8221; row_type=&#8221;row&#8221; use_row_as_full_screen_section=&#8221;no&#8221; type=&#8221;grid&#8221; angled_section=&#8221;no&#8221; text_align=&#8221;left&#8221; background_image_as_pattern=&#8221;without_pattern&#8221; z_index=&#8221;&#8221; css=&#8221;.vc_custom_1586308022553{padding-top: 90px !important;}&#8221; anchor=&#8221;yuksek-istisare-kurulu&#8221;][vc_column css=&#8221;.vc_custom_1586306935785{padding-top: 40px&#8230;<\/p>\n","protected":false},"author":1,"featured_media":0,"parent":0,"menu_order":0,"comment_status":"closed","ping_status":"closed","template":"full_width.php","meta":{"_mi_skip_tracking":false},"yoast_head":"<!-- This site is optimized with the Yoast SEO plugin v19.14 - https:\/\/yoast.com\/wordpress\/plugins\/seo\/ -->\n<title>Commissions | \u0130STA<\/title>\n<meta name=\"description\" content=\"ISTA Commisions and their members.\" \/>\n<meta name=\"robots\" content=\"index, follow, max-snippet:-1, max-image-preview:large, max-video-preview:-1\" \/>\n<link rel=\"canonical\" href=\"https:\/\/ista.org.tr\/komisyonlar\/\" \/>\n<meta property=\"og:locale\" content=\"en_US\" \/>\n<meta property=\"og:type\" content=\"article\" \/>\n<meta property=\"og:title\" content=\"Commissions | \u0130STA\" \/>\n<meta property=\"og:description\" content=\"ISTA Commisions and their members.\" \/>\n<meta property=\"og:url\" content=\"https:\/\/ista.org.tr\/komisyonlar\/\" \/>\n<meta property=\"og:site_name\" content=\"\u0130STA\" \/>\n<meta property=\"article:publisher\" content=\"https:\/\/www.facebook.com\/istatahkim\/\" \/>\n<meta property=\"article:modified_time\" content=\"2023-03-05T13:56:15+00:00\" \/>\n<meta property=\"og:image\" content=\"https:\/\/ista.org.tr\/wp-content\/uploads\/2020\/04\/IMG_9760-scaled.jpg\" \/>\n\t<meta property=\"og:image:width\" content=\"2560\" \/>\n\t<meta property=\"og:image:height\" content=\"1920\" \/>\n\t<meta property=\"og:image:type\" content=\"image\/jpeg\" \/>\n<meta name=\"twitter:card\" content=\"summary_large_image\" \/>\n<meta name=\"twitter:site\" content=\"@ISTAtahkim\" \/>\n<meta name=\"twitter:label1\" content=\"Est. reading time\" \/>\n\t<meta name=\"twitter:data1\" content=\"3 minutes\" \/>\n<script type=\"application\/ld+json\" class=\"yoast-schema-graph\">{\"@context\":\"https:\/\/schema.org\",\"@graph\":[{\"@type\":\"WebPage\",\"@id\":\"https:\/\/ista.org.tr\/komisyonlar\/\",\"url\":\"https:\/\/ista.org.tr\/komisyonlar\/\",\"name\":\"Commissions | \u0130STA\",\"isPartOf\":{\"@id\":\"https:\/\/ista.org.tr\/#website\"},\"datePublished\":\"2020-04-08T01:25:30+00:00\",\"dateModified\":\"2023-03-05T13:56:15+00:00\",\"description\":\"ISTA Commisions and their members.\",\"breadcrumb\":{\"@id\":\"https:\/\/ista.org.tr\/komisyonlar\/#breadcrumb\"},\"inLanguage\":\"en-US\",\"potentialAction\":[{\"@type\":\"ReadAction\",\"target\":[\"https:\/\/ista.org.tr\/komisyonlar\/\"]}]},{\"@type\":\"BreadcrumbList\",\"@id\":\"https:\/\/ista.org.tr\/komisyonlar\/#breadcrumb\",\"itemListElement\":[{\"@type\":\"ListItem\",\"position\":1,\"name\":\"Ana sayfa\",\"item\":\"https:\/\/ista.org.tr\/\"},{\"@type\":\"ListItem\",\"position\":2,\"name\":\"Commissions\"}]},{\"@type\":\"WebSite\",\"@id\":\"https:\/\/ista.org.tr\/#website\",\"url\":\"https:\/\/ista.org.tr\/\",\"name\":\"\u0130STA\",\"description\":\"\u0130stanbul Tahkim Derne\u011fi\",\"publisher\":{\"@id\":\"https:\/\/ista.org.tr\/#organization\"},\"potentialAction\":[{\"@type\":\"SearchAction\",\"target\":{\"@type\":\"EntryPoint\",\"urlTemplate\":\"https:\/\/ista.org.tr\/?s={search_term_string}\"},\"query-input\":\"required name=search_term_string\"}],\"inLanguage\":\"en-US\"},{\"@type\":\"Organization\",\"@id\":\"https:\/\/ista.org.tr\/#organization\",\"name\":\"\u0130stanbul Tahkim Derne\u011fi\",\"url\":\"https:\/\/ista.org.tr\/\",\"logo\":{\"@type\":\"ImageObject\",\"inLanguage\":\"en-US\",\"@id\":\"https:\/\/ista.org.tr\/#\/schema\/logo\/image\/\",\"url\":\"https:\/\/ista.org.tr\/wp-content\/uploads\/2019\/12\/ista-logo.png\",\"contentUrl\":\"https:\/\/ista.org.tr\/wp-content\/uploads\/2019\/12\/ista-logo.png\",\"width\":400,\"height\":400,\"caption\":\"\u0130stanbul Tahkim Derne\u011fi\"},\"image\":{\"@id\":\"https:\/\/ista.org.tr\/#\/schema\/logo\/image\/\"},\"sameAs\":[\"https:\/\/www.youtube.com\/channel\/UCZeVp4QaClBT9w13rtPk44Q\/videos\",\"https:\/\/www.facebook.com\/istatahkim\/\",\"https:\/\/twitter.com\/ISTAtahkim\"]}]}<\/script>\n<!-- \/ Yoast SEO plugin. -->","yoast_head_json":{"title":"Commissions | \u0130STA","description":"ISTA Commisions and their members.","robots":{"index":"index","follow":"follow","max-snippet":"max-snippet:-1","max-image-preview":"max-image-preview:large","max-video-preview":"max-video-preview:-1"},"canonical":"https:\/\/ista.org.tr\/komisyonlar\/","og_locale":"en_US","og_type":"article","og_title":"Commissions | \u0130STA","og_description":"ISTA Commisions and their members.","og_url":"https:\/\/ista.org.tr\/komisyonlar\/","og_site_name":"\u0130STA","article_publisher":"https:\/\/www.facebook.com\/istatahkim\/","article_modified_time":"2023-03-05T13:56:15+00:00","og_image":[{"width":2560,"height":1920,"url":"https:\/\/ista.org.tr\/wp-content\/uploads\/2020\/04\/IMG_9760-scaled.jpg","type":"image\/jpeg"}],"twitter_card":"summary_large_image","twitter_site":"@ISTAtahkim","twitter_misc":{"Est. reading time":"3 minutes"},"schema":{"@context":"https:\/\/schema.org","@graph":[{"@type":"WebPage","@id":"https:\/\/ista.org.tr\/komisyonlar\/","url":"https:\/\/ista.org.tr\/komisyonlar\/","name":"Commissions | \u0130STA","isPartOf":{"@id":"https:\/\/ista.org.tr\/#website"},"datePublished":"2020-04-08T01:25:30+00:00","dateModified":"2023-03-05T13:56:15+00:00","description":"ISTA Commisions and their members.","breadcrumb":{"@id":"https:\/\/ista.org.tr\/komisyonlar\/#breadcrumb"},"inLanguage":"en-US","potentialAction":[{"@type":"ReadAction","target":["https:\/\/ista.org.tr\/komisyonlar\/"]}]},{"@type":"BreadcrumbList","@id":"https:\/\/ista.org.tr\/komisyonlar\/#breadcrumb","itemListElement":[{"@type":"ListItem","position":1,"name":"Ana sayfa","item":"https:\/\/ista.org.tr\/"},{"@type":"ListItem","position":2,"name":"Commissions"}]},{"@type":"WebSite","@id":"https:\/\/ista.org.tr\/#website","url":"https:\/\/ista.org.tr\/","name":"\u0130STA","description":"\u0130stanbul Tahkim Derne\u011fi","publisher":{"@id":"https:\/\/ista.org.tr\/#organization"},"potentialAction":[{"@type":"SearchAction","target":{"@type":"EntryPoint","urlTemplate":"https:\/\/ista.org.tr\/?s={search_term_string}"},"query-input":"required name=search_term_string"}],"inLanguage":"en-US"},{"@type":"Organization","@id":"https:\/\/ista.org.tr\/#organization","name":"\u0130stanbul Tahkim Derne\u011fi","url":"https:\/\/ista.org.tr\/","logo":{"@type":"ImageObject","inLanguage":"en-US","@id":"https:\/\/ista.org.tr\/#\/schema\/logo\/image\/","url":"https:\/\/ista.org.tr\/wp-content\/uploads\/2019\/12\/ista-logo.png","contentUrl":"https:\/\/ista.org.tr\/wp-content\/uploads\/2019\/12\/ista-logo.png","width":400,"height":400,"caption":"\u0130stanbul Tahkim Derne\u011fi"},"image":{"@id":"https:\/\/ista.org.tr\/#\/schema\/logo\/image\/"},"sameAs":["https:\/\/www.youtube.com\/channel\/UCZeVp4QaClBT9w13rtPk44Q\/videos","https:\/\/www.facebook.com\/istatahkim\/","https:\/\/twitter.com\/ISTAtahkim"]}]}},"_links":{"self":[{"href":"https:\/\/ista.org.tr\/en\/wp-json\/wp\/v2\/pages\/3141"}],"collection":[{"href":"https:\/\/ista.org.tr\/en\/wp-json\/wp\/v2\/pages"}],"about":[{"href":"https:\/\/ista.org.tr\/en\/wp-json\/wp\/v2\/types\/page"}],"author":[{"embeddable":true,"href":"https:\/\/ista.org.tr\/en\/wp-json\/wp\/v2\/users\/1"}],"replies":[{"embeddable":true,"href":"https:\/\/ista.org.tr\/en\/wp-json\/wp\/v2\/comments?post=3141"}],"version-history":[{"count":2,"href":"https:\/\/ista.org.tr\/en\/wp-json\/wp\/v2\/pages\/3141\/revisions"}],"predecessor-version":[{"id":3143,"href":"https:\/\/ista.org.tr\/en\/wp-json\/wp\/v2\/pages\/3141\/revisions\/3143"}],"wp:attachment":[{"href":"https:\/\/ista.org.tr\/en\/wp-json\/wp\/v2\/media?parent=3141"}],"curies":[{"name":"wp","href":"https:\/\/api.w.org\/{rel}","templated":true}]}}