{"id":3170,"date":"2020-09-23T23:16:22","date_gmt":"2020-09-23T20:16:22","guid":{"rendered":"https:\/\/ista.org.tr\/supporter-packages\/"},"modified":"2023-03-05T18:28:37","modified_gmt":"2023-03-05T15:28:37","slug":"supporter-packages","status":"publish","type":"page","link":"https:\/\/ista.org.tr\/en\/supporter-packages\/","title":{"rendered":"Supporter Packages"},"content":{"rendered":"<p>[vc_row css_animation=&#8221;&#8221; row_type=&#8221;row&#8221; use_row_as_full_screen_section=&#8221;no&#8221; type=&#8221;full_width&#8221; angled_section=&#8221;no&#8221; text_align=&#8221;left&#8221; background_image_as_pattern=&#8221;without_pattern&#8221;][vc_column css=&#8221;.vc_custom_1585747547126{padding-top: 40px !important;padding-right: 10px !important;padding-bottom: 40px !important;padding-left: 10px !important;background-color: #f7f7f7 !important;border-radius: 20px !important;}&#8221;][vc_column_text css=&#8221;.vc_custom_1600699589143{padding-top: 15px !important;padding-bottom: 55px !important;}&#8221;]<\/p>\n<h1 style=\"text-align: center;\">Supporter Packages<\/h1>\n<p>[\/vc_column_text][qode_elements_holder number_of_columns=&#8221;two_columns&#8221;][qode_elements_holder_item advanced_animations=&#8221;no&#8221; item_padding_1280_1440=&#8221;0px 10px 30px 10px&#8221;][vc_column_text css=&#8221;.vc_custom_1600891621064{margin-bottom: 30px !important;padding-top: 20px !important;padding-bottom: 20px !important;padding-left: 10px !important;background-color: #6b6b6b !important;}&#8221;]<\/p>\n<h2 style=\"color: white!important;\">Platinum Supporter<\/h2>\n<p>[\/vc_column_text][vc_column_text]<br \/>\n<strong>ISTA Corporate Website, Electronic Publications and Social Media<\/strong><\/p>\n<p>First row image in the &#8220;Annual Supporters&#8221; banner on the homepage<\/p>\n<p>First row image in the special thank you page accessible on the homepage and link to the organization&#8217;s website<\/p>\n<p>Including organization&#8217;s news on ISTA Blog and social media channels with the title of &#8220;ISTA Platinum Supporter&#8221; up to 10 times throughout the year<\/p>\n<p>&#8220;Platinum Supporter&#8221; banner for 8 months in the monthly e-bulletin<\/p>\n<p>First row image in the special thank you page of the monthly e-bulletin and a special interview page to be appear in one issue<\/p>\n<p><strong>Events and Meetings<\/strong><\/p>\n<p>First row image in the annual Supporters Rollup<\/p>\n<p>First row image in the &#8220;Annual Supporters&#8221; section in the event concept (program, stage, invitation, etc.)<\/p>\n<p><strong>Personal Use<\/strong><\/p>\n<p>&#8220;ISTA Platinum Supporter&#8221; Certificate<\/p>\n<p>&#8220;ISTA Platinum Supporter&#8221; logo that the supporter can use on printed documents and website[\/vc_column_text][\/qode_elements_holder_item][qode_elements_holder_item advanced_animations=&#8221;no&#8221; item_padding_1280_1440=&#8221;0px 10px 30px 10px&#8221;][vc_column_text css=&#8221;.vc_custom_1600891674770{margin-bottom: 30px !important;padding-top: 20px !important;padding-bottom: 20px !important;padding-left: 10px !important;background-color: #eac220 !important;}&#8221;]<\/p>\n<h2 style=\"color: white!important;\">Gold Supporter<\/h2>\n<p>[\/vc_column_text][vc_column_text]<br \/>\n<strong>ISTA Corporate Website, Electronic Publications and Social Media<\/strong><\/p>\n<p>Second row image in the &#8220;Annual Supporters&#8221; banner on the homepage<\/p>\n<p>Second row image in the special thank you page accessible on the homepage and link to the organization&#8217;s website<\/p>\n<p>Including organization&#8217;s news on ISTA Blog and social media channels with the title of &#8220;ISTA Gold Supporter&#8221; up to 5 times throughout the year<\/p>\n<p>&#8220;Gold Supporter&#8221; banner for 4 months in the monthly e-bulletin<\/p>\n<p>Second row image in the special thank you page of the monthly e-bulletin and a special interview page to be appear in one issue<\/p>\n<p><strong>Events and Meetings<\/strong><\/p>\n<p>Second row image in the annual Supporters Rollup<\/p>\n<p>Second row image in the &#8220;Annual Supporters&#8221; section in the event concept (program, stage, invitation, etc.)<\/p>\n<p><strong>Personal Use<\/strong><\/p>\n<p>&#8220;ISTA Gold Supporter&#8221; Certificate<\/p>\n<p>&#8220;ISTA Gold Supporter&#8221; logo that the supporter can use on printed documents and website[\/vc_column_text][\/qode_elements_holder_item][\/qode_elements_holder][qode_elements_holder number_of_columns=&#8221;two_columns&#8221;][qode_elements_holder_item vertical_alignment=&#8221;top&#8221; advanced_animations=&#8221;no&#8221; item_padding_1280_1440=&#8221;0px 10px 30px 10px&#8221;][vc_column_text css=&#8221;.vc_custom_1600891860324{margin-bottom: 30px !important;padding-top: 20px !important;padding-bottom: 20px !important;padding-left: 10px !important;background-color: #b2b2b2 !important;}&#8221;]<\/p>\n<h2 style=\"color: white!important;\">Silver Supporter<\/h2>\n<p>[\/vc_column_text][vc_column_text]<br \/>\n<strong>ISTA Corporate Website, Electronic Publications and Social Media<\/strong><\/p>\n<p>Third row image in the special thank you page accessible on the homepage and link to the organization&#8217;s website<\/p>\n<p>Including organization\u2019s news on ISTA Blog and social media channels with the title of &#8220;ISTA Silver Supporter&#8221; once throughout the year<\/p>\n<p>Third row image in the special thank you page of the monthly e-bulletin<\/p>\n<p><strong>Events and Meetings<\/strong><\/p>\n<p>Third row image in the annual Supporters Rollup<\/p>\n<p>Third row image in the &#8220;Annual Supporters&#8221; section in the event concept (program, stage, invitation, etc.)<\/p>\n<p><strong>Personal Use<\/strong><\/p>\n<p>&#8220;ISTA Silver Supporter&#8221; logo that the supporter can use on printed documents and website[\/vc_column_text][\/qode_elements_holder_item][qode_elements_holder_item vertical_alignment=&#8221;top&#8221; advanced_animations=&#8221;no&#8221; item_padding_1280_1440=&#8221;0px 10px 30px 10px&#8221;][vc_column_text css=&#8221;.vc_custom_1600892045235{margin-bottom: 30px !important;padding-top: 20px !important;padding-bottom: 20px !important;padding-left: 10px !important;background-color: #a97142 !important;}&#8221;]<\/p>\n<h2 style=\"color: white!important;\">Bronze Supporter<\/h2>\n<p>[\/vc_column_text][vc_column_text]<br \/>\n<strong>ISTA Corporate Website, Electronic Publications and Social Media<\/strong><\/p>\n<p>Fourth row image in the special thank you page accessible on the homepage and link to the organization&#8217;s website<\/p>\n<p>Fourth row image in the special thank you page of the monthly e-bulletin<\/p>\n<p><strong>Events and Meetings<\/strong><\/p>\n<p>Fourth row image in the annual Supporters Rollup<\/p>\n<p><strong>Personal Use<\/strong><\/p>\n<p>&#8220;ISTA Bronze Supporter&#8221; logo that the supporter can use on printed documents and website[\/vc_column_text][\/qode_elements_holder_item][\/qode_elements_holder][vc_empty_space height=&#8221;42px&#8221;][vc_column_text]<br \/>\nPlease\u00a0<strong>contact us<\/strong> for detailed information about supporter packages.<br \/>\n[\/vc_column_text][vc_empty_space height=&#8221;42px&#8221;][\/vc_column][\/vc_row][vc_row css_animation=&#8221;&#8221; row_type=&#8221;row&#8221; use_row_as_full_screen_section=&#8221;no&#8221; type=&#8221;full_width&#8221; angled_section=&#8221;no&#8221; text_align=&#8221;left&#8221; background_image_as_pattern=&#8221;without_pattern&#8221;][vc_column][vc_empty_space height=&#8221;52px&#8221;][\/vc_column][\/vc_row]<\/p>\n","protected":false},"excerpt":{"rendered":"<p>[vc_row css_animation=&#8221;&#8221; row_type=&#8221;row&#8221; use_row_as_full_screen_section=&#8221;no&#8221; type=&#8221;full_width&#8221; angled_section=&#8221;no&#8221; text_align=&#8221;left&#8221; background_image_as_pattern=&#8221;without_pattern&#8221;][vc_column css=&#8221;.vc_custom_1585747547126{padding-top: 40px !important;padding-right: 10px !important;padding-bottom: 40px !important;padding-left:&#8230;<\/p>\n","protected":false},"author":1,"featured_media":0,"parent":0,"menu_order":0,"comment_status":"closed","ping_status":"closed","template":"","meta":{"_mi_skip_tracking":false},"yoast_head":"<!-- This site is optimized with the Yoast SEO plugin v19.14 - https:\/\/yoast.com\/wordpress\/plugins\/seo\/ -->\n<title>Supporter Packages | \u0130STA<\/title>\n<meta name=\"description\" content=\"Read about our Supporter Packages.\" \/>\n<meta name=\"robots\" content=\"index, follow, max-snippet:-1, max-image-preview:large, max-video-preview:-1\" \/>\n<link rel=\"canonical\" href=\"https:\/\/ista.org.tr\/destekci-paketleri\/\" \/>\n<meta property=\"og:locale\" content=\"en_US\" \/>\n<meta property=\"og:type\" content=\"article\" \/>\n<meta property=\"og:title\" content=\"Supporter Packages | \u0130STA\" \/>\n<meta property=\"og:description\" content=\"Read about our Supporter Packages.\" \/>\n<meta property=\"og:url\" content=\"https:\/\/ista.org.tr\/destekci-paketleri\/\" \/>\n<meta property=\"og:site_name\" content=\"\u0130STA\" \/>\n<meta property=\"article:publisher\" content=\"https:\/\/www.facebook.com\/istatahkim\/\" \/>\n<meta property=\"article:modified_time\" content=\"2023-03-05T15:28:37+00:00\" \/>\n<meta property=\"og:image\" content=\"https:\/\/ista.org.tr\/wp-content\/uploads\/2020\/04\/IMG_9760-scaled.jpg\" \/>\n\t<meta property=\"og:image:width\" content=\"2560\" \/>\n\t<meta property=\"og:image:height\" content=\"1920\" \/>\n\t<meta property=\"og:image:type\" content=\"image\/jpeg\" \/>\n<meta name=\"twitter:card\" content=\"summary_large_image\" \/>\n<meta name=\"twitter:site\" content=\"@ISTAtahkim\" \/>\n<meta name=\"twitter:label1\" content=\"Est. reading time\" \/>\n\t<meta name=\"twitter:data1\" content=\"4 minutes\" \/>\n<script type=\"application\/ld+json\" class=\"yoast-schema-graph\">{\"@context\":\"https:\/\/schema.org\",\"@graph\":[{\"@type\":\"WebPage\",\"@id\":\"https:\/\/ista.org.tr\/destekci-paketleri\/\",\"url\":\"https:\/\/ista.org.tr\/destekci-paketleri\/\",\"name\":\"Supporter Packages | \u0130STA\",\"isPartOf\":{\"@id\":\"https:\/\/ista.org.tr\/#website\"},\"datePublished\":\"2020-09-23T20:16:22+00:00\",\"dateModified\":\"2023-03-05T15:28:37+00:00\",\"description\":\"Read about our Supporter Packages.\",\"breadcrumb\":{\"@id\":\"https:\/\/ista.org.tr\/destekci-paketleri\/#breadcrumb\"},\"inLanguage\":\"en-US\",\"potentialAction\":[{\"@type\":\"ReadAction\",\"target\":[\"https:\/\/ista.org.tr\/destekci-paketleri\/\"]}]},{\"@type\":\"BreadcrumbList\",\"@id\":\"https:\/\/ista.org.tr\/destekci-paketleri\/#breadcrumb\",\"itemListElement\":[{\"@type\":\"ListItem\",\"position\":1,\"name\":\"Ana sayfa\",\"item\":\"https:\/\/ista.org.tr\/\"},{\"@type\":\"ListItem\",\"position\":2,\"name\":\"Supporter Packages\"}]},{\"@type\":\"WebSite\",\"@id\":\"https:\/\/ista.org.tr\/#website\",\"url\":\"https:\/\/ista.org.tr\/\",\"name\":\"\u0130STA\",\"description\":\"\u0130stanbul Tahkim Derne\u011fi\",\"publisher\":{\"@id\":\"https:\/\/ista.org.tr\/#organization\"},\"potentialAction\":[{\"@type\":\"SearchAction\",\"target\":{\"@type\":\"EntryPoint\",\"urlTemplate\":\"https:\/\/ista.org.tr\/?s={search_term_string}\"},\"query-input\":\"required name=search_term_string\"}],\"inLanguage\":\"en-US\"},{\"@type\":\"Organization\",\"@id\":\"https:\/\/ista.org.tr\/#organization\",\"name\":\"\u0130stanbul Tahkim Derne\u011fi\",\"url\":\"https:\/\/ista.org.tr\/\",\"logo\":{\"@type\":\"ImageObject\",\"inLanguage\":\"en-US\",\"@id\":\"https:\/\/ista.org.tr\/#\/schema\/logo\/image\/\",\"url\":\"https:\/\/ista.org.tr\/wp-content\/uploads\/2019\/12\/ista-logo.png\",\"contentUrl\":\"https:\/\/ista.org.tr\/wp-content\/uploads\/2019\/12\/ista-logo.png\",\"width\":400,\"height\":400,\"caption\":\"\u0130stanbul Tahkim Derne\u011fi\"},\"image\":{\"@id\":\"https:\/\/ista.org.tr\/#\/schema\/logo\/image\/\"},\"sameAs\":[\"https:\/\/www.youtube.com\/channel\/UCZeVp4QaClBT9w13rtPk44Q\/videos\",\"https:\/\/www.facebook.com\/istatahkim\/\",\"https:\/\/twitter.com\/ISTAtahkim\"]}]}<\/script>\n<!-- \/ Yoast SEO plugin. -->","yoast_head_json":{"title":"Supporter Packages | \u0130STA","description":"Read about our Supporter Packages.","robots":{"index":"index","follow":"follow","max-snippet":"max-snippet:-1","max-image-preview":"max-image-preview:large","max-video-preview":"max-video-preview:-1"},"canonical":"https:\/\/ista.org.tr\/destekci-paketleri\/","og_locale":"en_US","og_type":"article","og_title":"Supporter Packages | \u0130STA","og_description":"Read about our Supporter Packages.","og_url":"https:\/\/ista.org.tr\/destekci-paketleri\/","og_site_name":"\u0130STA","article_publisher":"https:\/\/www.facebook.com\/istatahkim\/","article_modified_time":"2023-03-05T15:28:37+00:00","og_image":[{"width":2560,"height":1920,"url":"https:\/\/ista.org.tr\/wp-content\/uploads\/2020\/04\/IMG_9760-scaled.jpg","type":"image\/jpeg"}],"twitter_card":"summary_large_image","twitter_site":"@ISTAtahkim","twitter_misc":{"Est. reading time":"4 minutes"},"schema":{"@context":"https:\/\/schema.org","@graph":[{"@type":"WebPage","@id":"https:\/\/ista.org.tr\/destekci-paketleri\/","url":"https:\/\/ista.org.tr\/destekci-paketleri\/","name":"Supporter Packages | \u0130STA","isPartOf":{"@id":"https:\/\/ista.org.tr\/#website"},"datePublished":"2020-09-23T20:16:22+00:00","dateModified":"2023-03-05T15:28:37+00:00","description":"Read about our Supporter Packages.","breadcrumb":{"@id":"https:\/\/ista.org.tr\/destekci-paketleri\/#breadcrumb"},"inLanguage":"en-US","potentialAction":[{"@type":"ReadAction","target":["https:\/\/ista.org.tr\/destekci-paketleri\/"]}]},{"@type":"BreadcrumbList","@id":"https:\/\/ista.org.tr\/destekci-paketleri\/#breadcrumb","itemListElement":[{"@type":"ListItem","position":1,"name":"Ana sayfa","item":"https:\/\/ista.org.tr\/"},{"@type":"ListItem","position":2,"name":"Supporter Packages"}]},{"@type":"WebSite","@id":"https:\/\/ista.org.tr\/#website","url":"https:\/\/ista.org.tr\/","name":"\u0130STA","description":"\u0130stanbul Tahkim Derne\u011fi","publisher":{"@id":"https:\/\/ista.org.tr\/#organization"},"potentialAction":[{"@type":"SearchAction","target":{"@type":"EntryPoint","urlTemplate":"https:\/\/ista.org.tr\/?s={search_term_string}"},"query-input":"required name=search_term_string"}],"inLanguage":"en-US"},{"@type":"Organization","@id":"https:\/\/ista.org.tr\/#organization","name":"\u0130stanbul Tahkim Derne\u011fi","url":"https:\/\/ista.org.tr\/","logo":{"@type":"ImageObject","inLanguage":"en-US","@id":"https:\/\/ista.org.tr\/#\/schema\/logo\/image\/","url":"https:\/\/ista.org.tr\/wp-content\/uploads\/2019\/12\/ista-logo.png","contentUrl":"https:\/\/ista.org.tr\/wp-content\/uploads\/2019\/12\/ista-logo.png","width":400,"height":400,"caption":"\u0130stanbul Tahkim Derne\u011fi"},"image":{"@id":"https:\/\/ista.org.tr\/#\/schema\/logo\/image\/"},"sameAs":["https:\/\/www.youtube.com\/channel\/UCZeVp4QaClBT9w13rtPk44Q\/videos","https:\/\/www.facebook.com\/istatahkim\/","https:\/\/twitter.com\/ISTAtahkim"]}]}},"_links":{"self":[{"href":"https:\/\/ista.org.tr\/en\/wp-json\/wp\/v2\/pages\/3170"}],"collection":[{"href":"https:\/\/ista.org.tr\/en\/wp-json\/wp\/v2\/pages"}],"about":[{"href":"https:\/\/ista.org.tr\/en\/wp-json\/wp\/v2\/types\/page"}],"author":[{"embeddable":true,"href":"https:\/\/ista.org.tr\/en\/wp-json\/wp\/v2\/users\/1"}],"replies":[{"embeddable":true,"href":"https:\/\/ista.org.tr\/en\/wp-json\/wp\/v2\/comments?post=3170"}],"version-history":[{"count":2,"href":"https:\/\/ista.org.tr\/en\/wp-json\/wp\/v2\/pages\/3170\/revisions"}],"predecessor-version":[{"id":3172,"href":"https:\/\/ista.org.tr\/en\/wp-json\/wp\/v2\/pages\/3170\/revisions\/3172"}],"wp:attachment":[{"href":"https:\/\/ista.org.tr\/en\/wp-json\/wp\/v2\/media?parent=3170"}],"curies":[{"name":"wp","href":"https:\/\/api.w.org\/{rel}","templated":true}]}}