{"id":3173,"date":"2020-05-13T22:50:42","date_gmt":"2020-05-13T19:50:42","guid":{"rendered":"https:\/\/ista.org.tr\/contact-us\/"},"modified":"2023-03-05T18:31:38","modified_gmt":"2023-03-05T15:31:38","slug":"contact-us","status":"publish","type":"page","link":"https:\/\/ista.org.tr\/en\/contact-us\/","title":{"rendered":"Contact Us"},"content":{"rendered":"<p>[vc_row css_animation=&#8221;&#8221; row_type=&#8221;row&#8221; use_row_as_full_screen_section=&#8221;no&#8221; type=&#8221;grid&#8221; angled_section=&#8221;no&#8221; text_align=&#8221;left&#8221; background_image_as_pattern=&#8221;without_pattern&#8221; z_index=&#8221;&#8221; css=&#8221;.vc_custom_1589403007491{padding-top: 50px !important;}&#8221; anchor=&#8221;ista-hakkinda&#8221;][vc_column css=&#8221;.vc_custom_1586306935785{padding-top: 40px !important;padding-right: 10px !important;padding-bottom: 40px !important;padding-left: 10px !important;}&#8221;][vc_column_text css=&#8221;.vc_custom_1589399486881{padding-top: 15px !important;padding-bottom: 55px !important;}&#8221;]<\/p>\n<h2 style=\"text-align: center;\">Contact Us<\/h2>\n<p>[\/vc_column_text][qode_elements_holder number_of_columns=&#8221;two_columns&#8221; columns_proportion=&#8221;33_66&#8243;][qode_elements_holder_item advanced_animations=&#8221;no&#8221; item_padding_1280_1440=&#8221;0px 10px 30px 10px&#8221;][vc_column_text]<\/p>\n<h2>Istanbul Arbitration Association<\/h2>\n<p>[\/vc_column_text][vc_empty_space][vc_column_text]Kore \u015eehitleri Cd. No: 17 Zincirlikuyu \u0130stanbul[\/vc_column_text][vc_empty_space][vc_column_text]<\/p>\n<ul class=\"list list-icon push-20-t\">\n<li><i class=\"fa fa-phone text-white\"><\/i>\u00a0+90 212 354 00 00<\/li>\n<li><i class=\"fa fa-fax text-white\"><\/i>\u00a0+90 212 274 20 95<\/li>\n<li><i class=\"fa fa-envelope text-white\"><\/i> <b><u><a href=\"mailto:info@ista.org.tr\">info@ista.org.tr<\/a><\/u><\/b><\/li>\n<\/ul>\n<p>[\/vc_column_text][vc_empty_space]<span class='q_social_icon_holder normal_social' data-color=#0c0000 data-hover-color=#2484c6><a itemprop='url' href='https:\/\/www.youtube.com\/channel\/UCZeVp4QaClBT9w13rtPk44Q\/videos' target='_blank'><i class=\"qode_icon_font_awesome fa fa-youtube-play fa-2x simple_social\" style=\"color: #0c0000;\" ><\/i><\/a><\/span><span class='q_social_icon_holder normal_social' data-color=#0c0000 data-hover-color=#2484c6><a itemprop='url' href='https:\/\/twitter.com\/ISTAtahkim' target='_blank'><i class=\"qode_icon_font_awesome fa fa-twitter fa-2x simple_social\" style=\"color: #0c0000;\" ><\/i><\/a><\/span><span class='q_social_icon_holder normal_social' data-color=#0c0000 data-hover-color=#2484c6><a itemprop='url' href='https:\/\/www.facebook.com\/istatahkim\/' target='_blank'><i class=\"qode_icon_font_awesome fa fa-facebook fa-2x simple_social\" style=\"color: #0c0000;\" ><\/i><\/a><\/span>[\/qode_elements_holder_item][qode_elements_holder_item advanced_animations=&#8221;no&#8221; background_color=&#8221;#f9f9f9&#8243; item_padding=&#8221;15px 15px 15px 15px&#8221;][vc_column_text]<div class=\"wpforms-container wpforms-container-full\" id=\"wpforms-3176\"><form id=\"wpforms-form-3176\" class=\"wpforms-validate wpforms-form\" data-formid=\"3176\" method=\"post\" enctype=\"multipart\/form-data\" action=\"\/en\/wp-json\/wp\/v2\/pages\/3173\" data-token=\"86686bbc3d50ddeb434609397f54d415\"><noscript class=\"wpforms-error-noscript\">Please enable JavaScript in your browser to complete this form.<\/noscript><div class=\"wpforms-field-container\"><div id=\"wpforms-3176-field_0-container\" class=\"wpforms-field wpforms-field-name\" data-field-id=\"0\"><label class=\"wpforms-field-label wpforms-label-hide\" for=\"wpforms-3176-field_0\">Name <span class=\"wpforms-required-label\">*<\/span><\/label><div class=\"wpforms-field-row wpforms-field-large\"><div class=\"wpforms-field-row-block wpforms-first wpforms-one-half\"><input type=\"text\" id=\"wpforms-3176-field_0\" class=\"wpforms-field-name-first wpforms-field-required\" name=\"wpforms[fields][0][first]\" placeholder=\"Name *\" required><label for=\"wpforms-3176-field_0\" class=\"wpforms-field-sublabel after wpforms-sublabel-hide\">First<\/label><\/div><div class=\"wpforms-field-row-block wpforms-one-half\"><input type=\"text\" id=\"wpforms-3176-field_0-last\" class=\"wpforms-field-name-last wpforms-field-required\" name=\"wpforms[fields][0][last]\" placeholder=\"Surname *\" required><label for=\"wpforms-3176-field_0-last\" class=\"wpforms-field-sublabel after wpforms-sublabel-hide\">Last<\/label><\/div><\/div><\/div><div id=\"wpforms-3176-field_1-container\" class=\"wpforms-field wpforms-field-email wpforms-one-half wpforms-first\" data-field-id=\"1\"><label class=\"wpforms-field-label wpforms-label-hide\" for=\"wpforms-3176-field_1\">Email <span class=\"wpforms-required-label\">*<\/span><\/label><input type=\"email\" id=\"wpforms-3176-field_1\" class=\"wpforms-field-large wpforms-field-required\" name=\"wpforms[fields][1]\" placeholder=\"Email *\" required><\/div><div id=\"wpforms-3176-field_4-container\" class=\"wpforms-field wpforms-field-number wpforms-one-half\" data-field-id=\"4\"><label class=\"wpforms-field-label wpforms-label-hide\" for=\"wpforms-3176-field_4\">Phone<\/label><input type=\"number\" pattern=\"\\d*\" id=\"wpforms-3176-field_4\" class=\"wpforms-field-large\" name=\"wpforms[fields][4]\" placeholder=\"Phone *\" ><\/div><div id=\"wpforms-3176-field_2-container\" class=\"wpforms-field wpforms-field-textarea\" data-field-id=\"2\"><label class=\"wpforms-field-label wpforms-label-hide\" for=\"wpforms-3176-field_2\">Message <span class=\"wpforms-required-label\">*<\/span><\/label><textarea id=\"wpforms-3176-field_2\" class=\"wpforms-field-medium wpforms-field-required\" name=\"wpforms[fields][2]\" placeholder=\"Your Message *\" required><\/textarea><\/div><\/div><div class=\"wpforms-field wpforms-field-hp\"><label for=\"wpforms-3176-field-hp\" class=\"wpforms-field-label\">Website<\/label><input type=\"text\" name=\"wpforms[hp]\" id=\"wpforms-3176-field-hp\" class=\"wpforms-field-medium\"><\/div><div class=\"wpforms-submit-container\"><input type=\"hidden\" name=\"wpforms[id]\" value=\"3176\"><input type=\"hidden\" name=\"wpforms[author]\" value=\"1\"><button type=\"submit\" name=\"wpforms[submit]\" id=\"wpforms-submit-3176\" class=\"wpforms-submit\" data-alt-text=\"Sending...\" data-submit-text=\"Send\" aria-live=\"assertive\" value=\"wpforms-submit\">Send<\/button><\/div><\/form><\/div>  <!-- .wpforms-container -->[\/vc_column_text][\/qode_elements_holder_item][\/qode_elements_holder][\/vc_column][\/vc_row][vc_row css_animation=&#8221;&#8221; row_type=&#8221;row&#8221; use_row_as_full_screen_section=&#8221;no&#8221; type=&#8221;full_width&#8221; angled_section=&#8221;no&#8221; text_align=&#8221;left&#8221; background_image_as_pattern=&#8221;without_pattern&#8221;][vc_column][vc_empty_space]<div class='google_map_shortcode_holder' style='height:300px;'><div class='qode_google_map' style='height:300px;' id='map_canvas_89717' data-addresses='[\"Kore \u015eehitleri Cd. No: 17 Zincirlikuyu \u0130stanbul\"]' data-custom-map-style='false' data-color-overlay='#393939' data-saturation='-100' data-lightness='-60' data-zoom='13' data-pin='https:\/\/ista.org.tr\/wp-content\/uploads\/2020\/05\/isapins.png' data-unique-id='89717' data-google-maps-scroll-wheel='false' data-snazzy-map-style='yes' data-map-height='300'><\/div><input type=\"hidden\" class=\"qode-snazzy-map\" value=\"`{`\n{\n``featureType``: ``administrative``,\n``elementType``: ``labels.text.fill``,\n``stylers``: `{`\n{\n``color``: ``#444444``\n}\n`}`\n},\n{\n``featureType``: ``landscape``,\n``elementType``: ``all``,\n``stylers``: `{`\n{\n``color``: ``#f2f2f2``\n}\n`}`\n},\n{\n``featureType``: ``poi``,\n``elementType``: ``all``,\n``stylers``: `{`\n{\n``visibility``: ``off``\n}\n`}`\n},\n{\n``featureType``: ``road``,\n``elementType``: ``all``,\n``stylers``: `{`\n{\n``saturation``: -100\n},\n{\n``lightness``: 45\n}\n`}`\n},\n{\n``featureType``: ``road.highway``,\n``elementType``: ``all``,\n``stylers``: `{`\n{\n``visibility``: ``simplified``\n}\n`}`\n},\n{\n``featureType``: ``road.arterial``,\n``elementType``: ``labels.icon``,\n``stylers``: `{`\n{\n``visibility``: ``off``\n}\n`}`\n},\n{\n``featureType``: ``transit``,\n``elementType``: ``all``,\n``stylers``: `{`\n{\n``visibility``: ``off``\n}\n`}`\n},\n{\n``featureType``: ``water``,\n``elementType``: ``all``,\n``stylers``: `{`\n{\n``color``: ``#2484c6``\n},\n{\n``visibility``: ``on``\n}\n`}`\n}\n`}` \" \/><div class='google_map_shortcode_overlay'><\/div><\/div>[\/vc_column][\/vc_row]<\/p>\n","protected":false},"excerpt":{"rendered":"<p>[vc_row css_animation=&#8221;&#8221; row_type=&#8221;row&#8221; use_row_as_full_screen_section=&#8221;no&#8221; type=&#8221;grid&#8221; angled_section=&#8221;no&#8221; text_align=&#8221;left&#8221; background_image_as_pattern=&#8221;without_pattern&#8221; z_index=&#8221;&#8221; css=&#8221;.vc_custom_1589403007491{padding-top: 50px !important;}&#8221; anchor=&#8221;ista-hakkinda&#8221;][vc_column css=&#8221;.vc_custom_1586306935785{padding-top: 40px&#8230;<\/p>\n","protected":false},"author":1,"featured_media":0,"parent":0,"menu_order":0,"comment_status":"closed","ping_status":"closed","template":"full_width.php","meta":{"_mi_skip_tracking":false},"yoast_head":"<!-- This site is optimized with the Yoast SEO plugin v19.14 - https:\/\/yoast.com\/wordpress\/plugins\/seo\/ -->\n<title>Contact Us | \u0130STA<\/title>\n<meta name=\"description\" content=\"Contact ISTA\" \/>\n<meta name=\"robots\" content=\"index, follow, max-snippet:-1, max-image-preview:large, max-video-preview:-1\" \/>\n<link rel=\"canonical\" href=\"https:\/\/ista.org.tr\/iletisim\/\" \/>\n<meta property=\"og:locale\" content=\"en_US\" \/>\n<meta property=\"og:type\" content=\"article\" \/>\n<meta property=\"og:title\" content=\"Contact Us | \u0130STA\" \/>\n<meta property=\"og:description\" content=\"Contact ISTA\" \/>\n<meta property=\"og:url\" content=\"https:\/\/ista.org.tr\/iletisim\/\" \/>\n<meta property=\"og:site_name\" content=\"\u0130STA\" \/>\n<meta property=\"article:publisher\" content=\"https:\/\/www.facebook.com\/istatahkim\/\" \/>\n<meta property=\"article:modified_time\" content=\"2023-03-05T15:31:38+00:00\" \/>\n<meta property=\"og:image\" content=\"https:\/\/ista.org.tr\/wp-content\/uploads\/2020\/04\/IMG_9760-scaled.jpg\" \/>\n\t<meta property=\"og:image:width\" content=\"2560\" \/>\n\t<meta property=\"og:image:height\" content=\"1920\" \/>\n\t<meta property=\"og:image:type\" content=\"image\/jpeg\" \/>\n<meta name=\"twitter:card\" content=\"summary_large_image\" \/>\n<meta name=\"twitter:site\" content=\"@ISTAtahkim\" \/>\n<meta name=\"twitter:label1\" content=\"Est. reading time\" \/>\n\t<meta name=\"twitter:data1\" content=\"2 minutes\" \/>\n<script type=\"application\/ld+json\" class=\"yoast-schema-graph\">{\"@context\":\"https:\/\/schema.org\",\"@graph\":[{\"@type\":\"WebPage\",\"@id\":\"https:\/\/ista.org.tr\/iletisim\/\",\"url\":\"https:\/\/ista.org.tr\/iletisim\/\",\"name\":\"Contact Us | \u0130STA\",\"isPartOf\":{\"@id\":\"https:\/\/ista.org.tr\/#website\"},\"datePublished\":\"2020-05-13T19:50:42+00:00\",\"dateModified\":\"2023-03-05T15:31:38+00:00\",\"description\":\"Contact ISTA\",\"breadcrumb\":{\"@id\":\"https:\/\/ista.org.tr\/iletisim\/#breadcrumb\"},\"inLanguage\":\"en-US\",\"potentialAction\":[{\"@type\":\"ReadAction\",\"target\":[\"https:\/\/ista.org.tr\/iletisim\/\"]}]},{\"@type\":\"BreadcrumbList\",\"@id\":\"https:\/\/ista.org.tr\/iletisim\/#breadcrumb\",\"itemListElement\":[{\"@type\":\"ListItem\",\"position\":1,\"name\":\"Ana sayfa\",\"item\":\"https:\/\/ista.org.tr\/\"},{\"@type\":\"ListItem\",\"position\":2,\"name\":\"Contact Us\"}]},{\"@type\":\"WebSite\",\"@id\":\"https:\/\/ista.org.tr\/#website\",\"url\":\"https:\/\/ista.org.tr\/\",\"name\":\"\u0130STA\",\"description\":\"\u0130stanbul Tahkim Derne\u011fi\",\"publisher\":{\"@id\":\"https:\/\/ista.org.tr\/#organization\"},\"potentialAction\":[{\"@type\":\"SearchAction\",\"target\":{\"@type\":\"EntryPoint\",\"urlTemplate\":\"https:\/\/ista.org.tr\/?s={search_term_string}\"},\"query-input\":\"required name=search_term_string\"}],\"inLanguage\":\"en-US\"},{\"@type\":\"Organization\",\"@id\":\"https:\/\/ista.org.tr\/#organization\",\"name\":\"\u0130stanbul Tahkim Derne\u011fi\",\"url\":\"https:\/\/ista.org.tr\/\",\"logo\":{\"@type\":\"ImageObject\",\"inLanguage\":\"en-US\",\"@id\":\"https:\/\/ista.org.tr\/#\/schema\/logo\/image\/\",\"url\":\"https:\/\/ista.org.tr\/wp-content\/uploads\/2019\/12\/ista-logo.png\",\"contentUrl\":\"https:\/\/ista.org.tr\/wp-content\/uploads\/2019\/12\/ista-logo.png\",\"width\":400,\"height\":400,\"caption\":\"\u0130stanbul Tahkim Derne\u011fi\"},\"image\":{\"@id\":\"https:\/\/ista.org.tr\/#\/schema\/logo\/image\/\"},\"sameAs\":[\"https:\/\/www.youtube.com\/channel\/UCZeVp4QaClBT9w13rtPk44Q\/videos\",\"https:\/\/www.facebook.com\/istatahkim\/\",\"https:\/\/twitter.com\/ISTAtahkim\"]}]}<\/script>\n<!-- \/ Yoast SEO plugin. -->","yoast_head_json":{"title":"Contact Us | \u0130STA","description":"Contact ISTA","robots":{"index":"index","follow":"follow","max-snippet":"max-snippet:-1","max-image-preview":"max-image-preview:large","max-video-preview":"max-video-preview:-1"},"canonical":"https:\/\/ista.org.tr\/iletisim\/","og_locale":"en_US","og_type":"article","og_title":"Contact Us | \u0130STA","og_description":"Contact ISTA","og_url":"https:\/\/ista.org.tr\/iletisim\/","og_site_name":"\u0130STA","article_publisher":"https:\/\/www.facebook.com\/istatahkim\/","article_modified_time":"2023-03-05T15:31:38+00:00","og_image":[{"width":2560,"height":1920,"url":"https:\/\/ista.org.tr\/wp-content\/uploads\/2020\/04\/IMG_9760-scaled.jpg","type":"image\/jpeg"}],"twitter_card":"summary_large_image","twitter_site":"@ISTAtahkim","twitter_misc":{"Est. reading time":"2 minutes"},"schema":{"@context":"https:\/\/schema.org","@graph":[{"@type":"WebPage","@id":"https:\/\/ista.org.tr\/iletisim\/","url":"https:\/\/ista.org.tr\/iletisim\/","name":"Contact Us | \u0130STA","isPartOf":{"@id":"https:\/\/ista.org.tr\/#website"},"datePublished":"2020-05-13T19:50:42+00:00","dateModified":"2023-03-05T15:31:38+00:00","description":"Contact ISTA","breadcrumb":{"@id":"https:\/\/ista.org.tr\/iletisim\/#breadcrumb"},"inLanguage":"en-US","potentialAction":[{"@type":"ReadAction","target":["https:\/\/ista.org.tr\/iletisim\/"]}]},{"@type":"BreadcrumbList","@id":"https:\/\/ista.org.tr\/iletisim\/#breadcrumb","itemListElement":[{"@type":"ListItem","position":1,"name":"Ana sayfa","item":"https:\/\/ista.org.tr\/"},{"@type":"ListItem","position":2,"name":"Contact Us"}]},{"@type":"WebSite","@id":"https:\/\/ista.org.tr\/#website","url":"https:\/\/ista.org.tr\/","name":"\u0130STA","description":"\u0130stanbul Tahkim Derne\u011fi","publisher":{"@id":"https:\/\/ista.org.tr\/#organization"},"potentialAction":[{"@type":"SearchAction","target":{"@type":"EntryPoint","urlTemplate":"https:\/\/ista.org.tr\/?s={search_term_string}"},"query-input":"required name=search_term_string"}],"inLanguage":"en-US"},{"@type":"Organization","@id":"https:\/\/ista.org.tr\/#organization","name":"\u0130stanbul Tahkim Derne\u011fi","url":"https:\/\/ista.org.tr\/","logo":{"@type":"ImageObject","inLanguage":"en-US","@id":"https:\/\/ista.org.tr\/#\/schema\/logo\/image\/","url":"https:\/\/ista.org.tr\/wp-content\/uploads\/2019\/12\/ista-logo.png","contentUrl":"https:\/\/ista.org.tr\/wp-content\/uploads\/2019\/12\/ista-logo.png","width":400,"height":400,"caption":"\u0130stanbul Tahkim Derne\u011fi"},"image":{"@id":"https:\/\/ista.org.tr\/#\/schema\/logo\/image\/"},"sameAs":["https:\/\/www.youtube.com\/channel\/UCZeVp4QaClBT9w13rtPk44Q\/videos","https:\/\/www.facebook.com\/istatahkim\/","https:\/\/twitter.com\/ISTAtahkim"]}]}},"_links":{"self":[{"href":"https:\/\/ista.org.tr\/en\/wp-json\/wp\/v2\/pages\/3173"}],"collection":[{"href":"https:\/\/ista.org.tr\/en\/wp-json\/wp\/v2\/pages"}],"about":[{"href":"https:\/\/ista.org.tr\/en\/wp-json\/wp\/v2\/types\/page"}],"author":[{"embeddable":true,"href":"https:\/\/ista.org.tr\/en\/wp-json\/wp\/v2\/users\/1"}],"replies":[{"embeddable":true,"href":"https:\/\/ista.org.tr\/en\/wp-json\/wp\/v2\/comments?post=3173"}],"version-history":[{"count":5,"href":"https:\/\/ista.org.tr\/en\/wp-json\/wp\/v2\/pages\/3173\/revisions"}],"predecessor-version":[{"id":3180,"href":"https:\/\/ista.org.tr\/en\/wp-json\/wp\/v2\/pages\/3173\/revisions\/3180"}],"wp:attachment":[{"href":"https:\/\/ista.org.tr\/en\/wp-json\/wp\/v2\/media?parent=3173"}],"curies":[{"name":"wp","href":"https:\/\/api.w.org\/{rel}","templated":true}]}}